{"id":287,"date":"2020-09-24T19:12:06","date_gmt":"2020-09-24T17:12:06","guid":{"rendered":"https:\/\/odise.com\/?page_id=287"},"modified":"2024-04-18T17:59:36","modified_gmt":"2024-04-18T15:59:36","slug":"le-cabinet","status":"publish","type":"page","link":"http:\/\/odise.com\/en\/le-cabinet\/","title":{"rendered":"THE FIRM"},"content":{"rendered":"\t\t<div data-elementor-type=\"wp-page\" data-elementor-id=\"287\" class=\"elementor elementor-287\" data-elementor-post-type=\"page\">\n\t\t\t\t\t\t<section class=\"elementor-section elementor-top-section elementor-element elementor-element-7f35d36 elementor-section-full_width elementor-section-height-min-height elementor-section-items-bottom elementor-section-height-default\" data-id=\"7f35d36\" data-element_type=\"section\" data-e-type=\"section\" data-settings=\"{&quot;background_background&quot;:&quot;classic&quot;}\">\n\t\t\t\t\t\t\t<div class=\"elementor-background-overlay\"><\/div>\n\t\t\t\t\t\t\t<div class=\"elementor-container elementor-column-gap-no\">\n\t\t\t\t\t<div class=\"elementor-column elementor-col-100 elementor-top-column elementor-element elementor-element-8904541\" data-id=\"8904541\" data-element_type=\"column\" data-e-type=\"column\">\n\t\t\t<div class=\"elementor-widget-wrap elementor-element-populated\">\n\t\t\t\t\t\t<section class=\"elementor-section elementor-inner-section elementor-element elementor-element-b56dc58 elementor-section-full_width elementor-section-height-default elementor-section-height-default\" data-id=\"b56dc58\" data-element_type=\"section\" data-e-type=\"section\">\n\t\t\t\t\t\t<div class=\"elementor-container elementor-column-gap-no\">\n\t\t\t\t\t<div class=\"elementor-column elementor-col-50 elementor-inner-column elementor-element elementor-element-0b109db\" data-id=\"0b109db\" data-element_type=\"column\" data-e-type=\"column\">\n\t\t\t<div class=\"elementor-widget-wrap elementor-element-populated\">\n\t\t\t\t\t\t<div class=\"elementor-element elementor-element-1d066ed elementor-widget elementor-widget-spacer\" data-id=\"1d066ed\" data-element_type=\"widget\" data-e-type=\"widget\" data-widget_type=\"spacer.default\">\n\t\t\t\t<div class=\"elementor-widget-container\">\n\t\t\t\t\t\t\t<div class=\"elementor-spacer\">\n\t\t\t<div class=\"elementor-spacer-inner\"><\/div>\n\t\t<\/div>\n\t\t\t\t\t\t<\/div>\n\t\t\t\t<\/div>\n\t\t\t\t\t<\/div>\n\t\t<\/div>\n\t\t\t\t<div class=\"elementor-column elementor-col-50 elementor-inner-column elementor-element elementor-element-7bc44b8\" data-id=\"7bc44b8\" data-element_type=\"column\" data-e-type=\"column\">\n\t\t\t<div class=\"elementor-widget-wrap\">\n\t\t\t\t\t\t\t<\/div>\n\t\t<\/div>\n\t\t\t\t\t<\/div>\n\t\t<\/section>\n\t\t\t\t\t<\/div>\n\t\t<\/div>\n\t\t\t\t\t<\/div>\n\t\t<\/section>\n\t\t\t\t<section class=\"elementor-section elementor-top-section elementor-element elementor-element-61a3b008 elementor-section-full_width elementor-reverse-tablet elementor-reverse-mobile elementor-section-height-default elementor-section-height-default\" data-id=\"61a3b008\" data-element_type=\"section\" data-e-type=\"section\">\n\t\t\t\t\t\t<div class=\"elementor-container elementor-column-gap-no\">\n\t\t\t\t\t<div class=\"elementor-column elementor-col-50 elementor-top-column elementor-element elementor-element-3536fb92\" data-id=\"3536fb92\" data-element_type=\"column\" data-e-type=\"column\" data-settings=\"{&quot;background_background&quot;:&quot;classic&quot;,&quot;animation&quot;:&quot;none&quot;,&quot;animation_delay&quot;:2100}\">\n\t\t\t<div class=\"elementor-widget-wrap elementor-element-populated\">\n\t\t\t\t\t\t<div class=\"elementor-element elementor-element-25fd41dd elementor-invisible elementor-widget elementor-widget-image\" data-id=\"25fd41dd\" data-element_type=\"widget\" data-e-type=\"widget\" data-settings=\"{&quot;_animation&quot;:&quot;fadeIn&quot;}\" data-widget_type=\"image.default\">\n\t\t\t\t<div class=\"elementor-widget-container\">\n\t\t\t\t\t\t\t\t\t\t\t\t\t\t\t<img fetchpriority=\"high\" decoding=\"async\" width=\"1920\" height=\"2560\" src=\"https:\/\/odise.com\/wp-content\/uploads\/2020\/09\/pexels-zachary-debottis-3808881.jpg\" class=\"attachment-full size-full wp-image-235\" alt=\"\" srcset=\"https:\/\/odise.com\/wp-content\/uploads\/2020\/09\/pexels-zachary-debottis-3808881.jpg 1920w, https:\/\/odise.com\/wp-content\/uploads\/2020\/09\/pexels-zachary-debottis-3808881-225x300.jpg 225w, https:\/\/odise.com\/wp-content\/uploads\/2020\/09\/pexels-zachary-debottis-3808881-768x1024.jpg 768w, https:\/\/odise.com\/wp-content\/uploads\/2020\/09\/pexels-zachary-debottis-3808881-1152x1536.jpg 1152w, https:\/\/odise.com\/wp-content\/uploads\/2020\/09\/pexels-zachary-debottis-3808881-1536x2048.jpg 1536w\" sizes=\"(max-width: 1920px) 100vw, 1920px\" \/>\t\t\t\t\t\t\t\t\t\t\t\t\t\t\t<\/div>\n\t\t\t\t<\/div>\n\t\t\t\t\t<\/div>\n\t\t<\/div>\n\t\t\t\t<div class=\"elementor-column elementor-col-50 elementor-top-column elementor-element elementor-element-7b9b274 elementor-invisible\" data-id=\"7b9b274\" data-element_type=\"column\" data-e-type=\"column\" data-settings=\"{&quot;animation&quot;:&quot;slideInUp&quot;,&quot;motion_fx_motion_fx_scrolling&quot;:&quot;yes&quot;,&quot;motion_fx_translateY_effect&quot;:&quot;yes&quot;,&quot;motion_fx_translateY_affectedRange&quot;:{&quot;unit&quot;:&quot;%&quot;,&quot;size&quot;:&quot;&quot;,&quot;sizes&quot;:{&quot;start&quot;:49,&quot;end&quot;:100}},&quot;motion_fx_translateY_speed&quot;:{&quot;unit&quot;:&quot;px&quot;,&quot;size&quot;:4,&quot;sizes&quot;:[]},&quot;motion_fx_devices&quot;:[&quot;desktop&quot;,&quot;tablet&quot;,&quot;mobile&quot;]}\">\n\t\t\t<div class=\"elementor-widget-wrap elementor-element-populated\">\n\t\t\t\t\t\t<div class=\"elementor-element elementor-element-8d97ca0 elementor-widget elementor-widget-image\" data-id=\"8d97ca0\" data-element_type=\"widget\" data-e-type=\"widget\" data-widget_type=\"image.default\">\n\t\t\t\t<div class=\"elementor-widget-container\">\n\t\t\t\t\t\t\t\t\t\t\t\t\t\t\t<img decoding=\"async\" width=\"59\" height=\"47\" src=\"https:\/\/odise.com\/wp-content\/uploads\/2020\/09\/quote.png\" class=\"attachment-full size-full wp-image-167\" alt=\"\" \/>\t\t\t\t\t\t\t\t\t\t\t\t\t\t\t<\/div>\n\t\t\t\t<\/div>\n\t\t\t\t<div class=\"elementor-element elementor-element-1dca826 elementor-widget elementor-widget-text-editor\" data-id=\"1dca826\" data-element_type=\"widget\" data-e-type=\"widget\" data-widget_type=\"text-editor.default\">\n\t\t\t\t<div class=\"elementor-widget-container\">\n\t\t\t\t\t\t\t\t\t<p>Cabinet d\u2019avocats d\u2019affaires ind\u00e9pendant inscrit au barreau de Paris, Odi-s\u00e9 Avocats intervient dans les secteurs de l\u2019aviation commerciale, de l&rsquo;aviation d&rsquo;affaires, de l&rsquo;exploitation d&rsquo;h\u00e9licopt\u00e8res et de l&rsquo;externalisation de moyens militaires a\u00e9riens.<\/p>\t\t\t\t\t\t\t\t<\/div>\n\t\t\t\t<\/div>\n\t\t\t\t<div class=\"elementor-element elementor-element-d44efd7 elementor-widget elementor-widget-text-editor\" data-id=\"d44efd7\" data-element_type=\"widget\" data-e-type=\"widget\" data-widget_type=\"text-editor.default\">\n\t\t\t\t<div class=\"elementor-widget-container\">\n\t\t\t\t\t\t\t\t\t<p>Nos avocats sont des experts reconnus dans chacun de ces secteurs et ont une connaissance approfondie des usages et des contraintes de l\u2019environnement dans lequel \u00e9voluent nos clients.<\/p><p>Odi-s\u00e9 Avocats est recommand\u00e9 dans les principaux classements internationaux de cabinets d&rsquo;avocats pour les financements a\u00e9ronautiques en France.<\/p><p>Le cabinet est membre du r\u00e9seau international L2b Aviation, le premier r\u00e9seau mondial d&rsquo;avocats sp\u00e9cialis\u00e9s dans l&rsquo;aviation, pr\u00e9sent dans 54 pays.<\/p>\t\t\t\t\t\t\t\t<\/div>\n\t\t\t\t<\/div>\n\t\t\t\t<div class=\"elementor-element elementor-element-12e0d3e elementor-widget elementor-widget-image\" data-id=\"12e0d3e\" data-element_type=\"widget\" data-e-type=\"widget\" data-widget_type=\"image.default\">\n\t\t\t\t<div class=\"elementor-widget-container\">\n\t\t\t\t\t\t\t\t\t\t\t\t\t\t\t\t<a href=\"https:\/\/l2baviation.com\/location\/france\/\" target=\"_blank\" rel=\"noopener\">\n\t\t\t\t\t\t\t<img decoding=\"async\" width=\"100\" height=\"82\" src=\"https:\/\/odise.com\/wp-content\/uploads\/2024\/04\/L2B.png\" class=\"attachment-full size-full wp-image-912\" alt=\"\" srcset=\"https:\/\/odise.com\/wp-content\/uploads\/2024\/04\/L2B.png 100w, https:\/\/odise.com\/wp-content\/uploads\/2024\/04\/L2B-15x12.png 15w\" sizes=\"(max-width: 100px) 100vw, 100px\" \/>\t\t\t\t\t\t\t\t<\/a>\n\t\t\t\t\t\t\t\t\t\t\t\t\t\t\t<\/div>\n\t\t\t\t<\/div>\n\t\t\t\t<div class=\"elementor-element elementor-element-b5b29c6 elementor-widget elementor-widget-text-editor\" data-id=\"b5b29c6\" data-element_type=\"widget\" data-e-type=\"widget\" data-widget_type=\"text-editor.default\">\n\t\t\t\t<div class=\"elementor-widget-container\">\n\t\t\t\t\t\t\t\t\t<p>Odi-s\u00e9 Avocats est membre associ\u00e9 de l&rsquo;Association Europ\u00e9enne de l&rsquo;Aviation d&rsquo;Affaires (EBAA) et membre de l&rsquo;Association Africaine de l&rsquo;Aviation d&rsquo;Affaires (AfBAA).<\/p>\t\t\t\t\t\t\t\t<\/div>\n\t\t\t\t<\/div>\n\t\t\t\t<div class=\"elementor-element elementor-element-9a9edeb elementor-widget__width-initial elementor-widget elementor-widget-image\" data-id=\"9a9edeb\" data-element_type=\"widget\" data-e-type=\"widget\" data-widget_type=\"image.default\">\n\t\t\t\t<div class=\"elementor-widget-container\">\n\t\t\t\t\t\t\t\t\t\t\t\t\t\t\t\t<a href=\"https:\/\/www.ebaa.org\/\" target=\"_blank\" rel=\"noopener\">\n\t\t\t\t\t\t\t<img loading=\"lazy\" decoding=\"async\" width=\"308\" height=\"123\" src=\"https:\/\/odise.com\/wp-content\/uploads\/2024\/04\/EBAA-Member.png\" class=\"attachment-full size-full wp-image-914\" alt=\"\" srcset=\"https:\/\/odise.com\/wp-content\/uploads\/2024\/04\/EBAA-Member.png 308w, https:\/\/odise.com\/wp-content\/uploads\/2024\/04\/EBAA-Member-300x120.png 300w, https:\/\/odise.com\/wp-content\/uploads\/2024\/04\/EBAA-Member-18x7.png 18w\" sizes=\"(max-width: 308px) 100vw, 308px\" \/>\t\t\t\t\t\t\t\t<\/a>\n\t\t\t\t\t\t\t\t\t\t\t\t\t\t\t<\/div>\n\t\t\t\t<\/div>\n\t\t\t\t<div class=\"elementor-element elementor-element-59640ce elementor-widget__width-initial elementor-widget elementor-widget-image\" data-id=\"59640ce\" data-element_type=\"widget\" data-e-type=\"widget\" data-widget_type=\"image.default\">\n\t\t\t\t<div class=\"elementor-widget-container\">\n\t\t\t\t\t\t\t\t\t\t\t\t\t\t\t\t<a href=\"https:\/\/afbaa.org\/\" target=\"_blank\" rel=\"noopener\">\n\t\t\t\t\t\t\t<img loading=\"lazy\" decoding=\"async\" width=\"128\" height=\"54\" src=\"https:\/\/odise.com\/wp-content\/uploads\/2024\/04\/AfBAA.jpg\" class=\"attachment-full size-full wp-image-913\" alt=\"\" srcset=\"https:\/\/odise.com\/wp-content\/uploads\/2024\/04\/AfBAA.jpg 128w, https:\/\/odise.com\/wp-content\/uploads\/2024\/04\/AfBAA-18x8.jpg 18w\" sizes=\"(max-width: 128px) 100vw, 128px\" \/>\t\t\t\t\t\t\t\t<\/a>\n\t\t\t\t\t\t\t\t\t\t\t\t\t\t\t<\/div>\n\t\t\t\t<\/div>\n\t\t\t\t\t<\/div>\n\t\t<\/div>\n\t\t\t\t\t<\/div>\n\t\t<\/section>\n\t\t\t\t<section class=\"elementor-section elementor-top-section elementor-element elementor-element-556e5061 elementor-section-full_width elementor-section-height-default elementor-section-height-default\" data-id=\"556e5061\" data-element_type=\"section\" data-e-type=\"section\">\n\t\t\t\t\t\t<div class=\"elementor-container elementor-column-gap-no\">\n\t\t\t\t\t<div class=\"elementor-column elementor-col-50 elementor-top-column elementor-element elementor-element-6d36e734 elementor-invisible\" data-id=\"6d36e734\" data-element_type=\"column\" data-e-type=\"column\" data-settings=\"{&quot;animation&quot;:&quot;slideInUp&quot;,&quot;motion_fx_motion_fx_scrolling&quot;:&quot;yes&quot;,&quot;motion_fx_translateY_effect&quot;:&quot;yes&quot;,&quot;motion_fx_translateY_speed&quot;:{&quot;unit&quot;:&quot;px&quot;,&quot;size&quot;:4,&quot;sizes&quot;:[]},&quot;motion_fx_translateY_affectedRange&quot;:{&quot;unit&quot;:&quot;%&quot;,&quot;size&quot;:&quot;&quot;,&quot;sizes&quot;:{&quot;start&quot;:0,&quot;end&quot;:100}},&quot;motion_fx_devices&quot;:[&quot;desktop&quot;,&quot;tablet&quot;,&quot;mobile&quot;]}\">\n\t\t\t<div class=\"elementor-widget-wrap elementor-element-populated\">\n\t\t\t\t\t\t<div class=\"elementor-element elementor-element-6a75ef2c elementor-widget elementor-widget-image\" data-id=\"6a75ef2c\" data-element_type=\"widget\" data-e-type=\"widget\" data-widget_type=\"image.default\">\n\t\t\t\t<div class=\"elementor-widget-container\">\n\t\t\t\t\t\t\t\t\t\t\t\t\t\t\t<img loading=\"lazy\" decoding=\"async\" width=\"59\" height=\"47\" src=\"https:\/\/odise.com\/wp-content\/uploads\/2020\/09\/quote_b.png\" class=\"attachment-large size-large wp-image-181\" alt=\"\" \/>\t\t\t\t\t\t\t\t\t\t\t\t\t\t\t<\/div>\n\t\t\t\t<\/div>\n\t\t\t\t<div class=\"elementor-element elementor-element-3f0cbf36 elementor-widget elementor-widget-text-editor\" data-id=\"3f0cbf36\" data-element_type=\"widget\" data-e-type=\"widget\" data-widget_type=\"text-editor.default\">\n\t\t\t\t<div class=\"elementor-widget-container\">\n\t\t\t\t\t\t\t\t\t<p>Odi-s\u00e9 Avocats croit r\u00e9solument \u00e0 l&rsquo;utilisation de la technologie pour augmenter son efficacit\u00e9 et optimiser le service rendu \u00e0 ses clients.<\/p><p>Ainsi, d\u00e8s sa cr\u00e9ation, Odi-s\u00e9 Avocats s&rsquo;est dot\u00e9 des outils technologiques les plus avanc\u00e9s pour les t\u00e9l\u00e9communications, l&rsquo;h\u00e9bergement s\u00e9curis\u00e9 de donn\u00e9es en ligne, le travail collaboratif, la gestion de projets ou encore la signature \u00e9lectronique.<\/p>\t\t\t\t\t\t\t\t<\/div>\n\t\t\t\t<\/div>\n\t\t\t\t\t<\/div>\n\t\t<\/div>\n\t\t\t\t<div class=\"elementor-column elementor-col-50 elementor-top-column elementor-element elementor-element-39932290\" data-id=\"39932290\" data-element_type=\"column\" data-e-type=\"column\" data-settings=\"{&quot;background_background&quot;:&quot;classic&quot;,&quot;animation&quot;:&quot;none&quot;,&quot;animation_delay&quot;:2100}\">\n\t\t\t<div class=\"elementor-widget-wrap elementor-element-populated\">\n\t\t\t\t\t\t<div class=\"elementor-element elementor-element-6ff3f968 elementor-invisible elementor-widget elementor-widget-image\" data-id=\"6ff3f968\" data-element_type=\"widget\" data-e-type=\"widget\" data-settings=\"{&quot;_animation&quot;:&quot;fadeIn&quot;}\" data-widget_type=\"image.default\">\n\t\t\t\t<div class=\"elementor-widget-container\">\n\t\t\t\t\t\t\t\t\t\t\t\t\t\t\t<img decoding=\"async\" src=\"https:\/\/odise.com\/wp-content\/uploads\/elementor\/thumbs\/pexels-thisisengineering-3862624-scaled-ox7dusjt4qhp9y27dxon0e6wsspyls196o29sl0jzk.jpg\" title=\"pexels-thisisengineering-3862624\" alt=\"pexels-thisisengineering-3862624\" loading=\"lazy\" \/>\t\t\t\t\t\t\t\t\t\t\t\t\t\t\t<\/div>\n\t\t\t\t<\/div>\n\t\t\t\t\t<\/div>\n\t\t<\/div>\n\t\t\t\t\t<\/div>\n\t\t<\/section>\n\t\t\t\t<\/div>\n\t\t","protected":false},"excerpt":{"rendered":"<p>Cabinet d\u2019avocats d\u2019affaires ind\u00e9pendant inscrit au barreau de Paris, Odi-s\u00e9 Avocats intervient dans les secteurs de l\u2019aviation commerciale, de l&rsquo;aviation d&rsquo;affaires, de l&rsquo;exploitation d&rsquo;h\u00e9licopt\u00e8res et de l&rsquo;externalisation de moyens militaires a\u00e9riens. Nos avocats sont des experts reconnus dans chacun de ces secteurs et ont une connaissance approfondie des usages et des contraintes de l\u2019environnement dans [&hellip;]<\/p>\n","protected":false},"author":3,"featured_media":0,"parent":0,"menu_order":0,"comment_status":"closed","ping_status":"closed","template":"elementor_header_footer","meta":{"footnotes":""},"class_list":["post-287","page","type-page","status-publish","hentry"],"_links":{"self":[{"href":"http:\/\/odise.com\/en\/wp-json\/wp\/v2\/pages\/287","targetHints":{"allow":["GET"]}}],"collection":[{"href":"http:\/\/odise.com\/en\/wp-json\/wp\/v2\/pages"}],"about":[{"href":"http:\/\/odise.com\/en\/wp-json\/wp\/v2\/types\/page"}],"author":[{"embeddable":true,"href":"http:\/\/odise.com\/en\/wp-json\/wp\/v2\/users\/3"}],"replies":[{"embeddable":true,"href":"http:\/\/odise.com\/en\/wp-json\/wp\/v2\/comments?post=287"}],"version-history":[{"count":74,"href":"http:\/\/odise.com\/en\/wp-json\/wp\/v2\/pages\/287\/revisions"}],"predecessor-version":[{"id":959,"href":"http:\/\/odise.com\/en\/wp-json\/wp\/v2\/pages\/287\/revisions\/959"}],"wp:attachment":[{"href":"http:\/\/odise.com\/en\/wp-json\/wp\/v2\/media?parent=287"}],"curies":[{"name":"wp","href":"https:\/\/api.w.org\/{rel}","templated":true}]}}