{"id":483,"date":"2020-09-29T19:20:33","date_gmt":"2020-09-29T17:20:33","guid":{"rendered":"https:\/\/odise.com\/?page_id=483"},"modified":"2025-02-14T09:44:42","modified_gmt":"2025-02-14T08:44:42","slug":"associes","status":"publish","type":"page","link":"http:\/\/odise.com\/en\/associes\/","title":{"rendered":"PARTNERS"},"content":{"rendered":"\t\t<div data-elementor-type=\"wp-page\" data-elementor-id=\"483\" class=\"elementor elementor-483\" data-elementor-post-type=\"page\">\n\t\t\t\t\t\t<section class=\"elementor-section elementor-top-section elementor-element elementor-element-5b08a62a elementor-section-full_width elementor-section-height-full elementor-section-items-bottom elementor-section-height-default\" data-id=\"5b08a62a\" data-element_type=\"section\" data-e-type=\"section\" data-settings=\"{&quot;background_background&quot;:&quot;classic&quot;}\">\n\t\t\t\t\t\t\t<div class=\"elementor-background-overlay\"><\/div>\n\t\t\t\t\t\t\t<div class=\"elementor-container elementor-column-gap-no\">\n\t\t\t\t\t<div class=\"elementor-column elementor-col-100 elementor-top-column elementor-element elementor-element-319bfc21\" data-id=\"319bfc21\" data-element_type=\"column\" data-e-type=\"column\">\n\t\t\t<div class=\"elementor-widget-wrap elementor-element-populated\">\n\t\t\t\t\t\t<section class=\"elementor-section elementor-inner-section elementor-element elementor-element-2620d3dc elementor-section-full_width elementor-section-height-default elementor-section-height-default\" data-id=\"2620d3dc\" data-element_type=\"section\" data-e-type=\"section\">\n\t\t\t\t\t\t<div class=\"elementor-container elementor-column-gap-no\">\n\t\t\t\t\t<div class=\"elementor-column elementor-col-50 elementor-inner-column elementor-element elementor-element-1df127a8\" data-id=\"1df127a8\" data-element_type=\"column\" data-e-type=\"column\">\n\t\t\t<div class=\"elementor-widget-wrap elementor-element-populated\">\n\t\t\t\t\t\t<div class=\"elementor-element elementor-element-18e3abe9 elementor-widget elementor-widget-spacer\" data-id=\"18e3abe9\" data-element_type=\"widget\" data-e-type=\"widget\" data-widget_type=\"spacer.default\">\n\t\t\t\t<div class=\"elementor-widget-container\">\n\t\t\t\t\t\t\t<div class=\"elementor-spacer\">\n\t\t\t<div class=\"elementor-spacer-inner\"><\/div>\n\t\t<\/div>\n\t\t\t\t\t\t<\/div>\n\t\t\t\t<\/div>\n\t\t\t\t\t<\/div>\n\t\t<\/div>\n\t\t\t\t<div class=\"elementor-column elementor-col-50 elementor-inner-column elementor-element elementor-element-23f5713e\" data-id=\"23f5713e\" data-element_type=\"column\" data-e-type=\"column\">\n\t\t\t<div class=\"elementor-widget-wrap\">\n\t\t\t\t\t\t\t<\/div>\n\t\t<\/div>\n\t\t\t\t\t<\/div>\n\t\t<\/section>\n\t\t\t\t\t<\/div>\n\t\t<\/div>\n\t\t\t\t\t<\/div>\n\t\t<\/section>\n\t\t\t\t<section class=\"elementor-section elementor-top-section elementor-element elementor-element-2ae7e66d elementor-section-full_width elementor-section-height-default elementor-section-height-default\" data-id=\"2ae7e66d\" data-element_type=\"section\" data-e-type=\"section\">\n\t\t\t\t\t\t<div class=\"elementor-container elementor-column-gap-no\">\n\t\t\t\t\t<div class=\"elementor-column elementor-col-50 elementor-top-column elementor-element elementor-element-49466dba\" data-id=\"49466dba\" data-element_type=\"column\" data-e-type=\"column\" data-settings=\"{&quot;background_background&quot;:&quot;classic&quot;,&quot;animation&quot;:&quot;none&quot;,&quot;animation_delay&quot;:2100}\">\n\t\t\t<div class=\"elementor-widget-wrap elementor-element-populated\">\n\t\t\t\t\t\t<div class=\"elementor-element elementor-element-98b6664 elementor-invisible elementor-widget elementor-widget-image\" data-id=\"98b6664\" data-element_type=\"widget\" data-e-type=\"widget\" data-settings=\"{&quot;_animation&quot;:&quot;fadeIn&quot;}\" data-widget_type=\"image.default\">\n\t\t\t\t<div class=\"elementor-widget-container\">\n\t\t\t\t\t\t\t\t\t\t\t\t\t\t\t<img decoding=\"async\" src=\"https:\/\/odise.com\/wp-content\/uploads\/elementor\/thumbs\/DSCF3025COLOR-owmdkai92rakj2sc7iyvu5nb55f3kvcv6cmemfjabk.jpg\" title=\"DSCF3025COLOR\" alt=\"DSCF3025COLOR\" loading=\"lazy\" \/>\t\t\t\t\t\t\t\t\t\t\t\t\t\t\t<\/div>\n\t\t\t\t<\/div>\n\t\t\t\t\t<\/div>\n\t\t<\/div>\n\t\t\t\t<div class=\"elementor-column elementor-col-50 elementor-top-column elementor-element elementor-element-37322789 elementor-invisible\" data-id=\"37322789\" data-element_type=\"column\" data-e-type=\"column\" data-settings=\"{&quot;animation&quot;:&quot;slideInUp&quot;,&quot;motion_fx_motion_fx_scrolling&quot;:&quot;yes&quot;,&quot;motion_fx_translateY_effect&quot;:&quot;yes&quot;,&quot;motion_fx_translateY_speed&quot;:{&quot;unit&quot;:&quot;px&quot;,&quot;size&quot;:4,&quot;sizes&quot;:[]},&quot;motion_fx_translateY_affectedRange&quot;:{&quot;unit&quot;:&quot;%&quot;,&quot;size&quot;:&quot;&quot;,&quot;sizes&quot;:{&quot;start&quot;:0,&quot;end&quot;:100}},&quot;motion_fx_devices&quot;:[&quot;desktop&quot;,&quot;tablet&quot;,&quot;mobile&quot;]}\">\n\t\t\t<div class=\"elementor-widget-wrap elementor-element-populated\">\n\t\t\t\t\t\t<div class=\"elementor-element elementor-element-f90b71c elementor-align-center elementor-icon-list--layout-traditional elementor-list-item-link-full_width elementor-widget elementor-widget-icon-list\" data-id=\"f90b71c\" data-element_type=\"widget\" data-e-type=\"widget\" data-widget_type=\"icon-list.default\">\n\t\t\t\t<div class=\"elementor-widget-container\">\n\t\t\t\t\t\t\t<ul class=\"elementor-icon-list-items\">\n\t\t\t\t\t\t\t<li class=\"elementor-icon-list-item\">\n\t\t\t\t\t\t\t\t\t\t<span class=\"elementor-icon-list-text\">Associ\u00e9<\/span>\n\t\t\t\t\t\t\t\t\t<\/li>\n\t\t\t\t\t\t\t\t<li class=\"elementor-icon-list-item\">\n\t\t\t\t\t\t\t\t\t\t\t<span class=\"elementor-icon-list-icon\">\n\t\t\t\t\t\t\t<i aria-hidden=\"true\" class=\"fas fa-envelope\"><\/i>\t\t\t\t\t\t<\/span>\n\t\t\t\t\t\t\t\t\t\t<span class=\"elementor-icon-list-text\">mdevarax@odise.aero<\/span>\n\t\t\t\t\t\t\t\t\t<\/li>\n\t\t\t\t\t\t\t\t<li class=\"elementor-icon-list-item\">\n\t\t\t\t\t\t\t\t\t\t\t<span class=\"elementor-icon-list-icon\">\n\t\t\t\t\t\t\t<i aria-hidden=\"true\" class=\"fas fa-phone-alt\"><\/i>\t\t\t\t\t\t<\/span>\n\t\t\t\t\t\t\t\t\t\t<span class=\"elementor-icon-list-text\">+33 1 79 35 07 50<\/span>\n\t\t\t\t\t\t\t\t\t<\/li>\n\t\t\t\t\t\t<\/ul>\n\t\t\t\t\t\t<\/div>\n\t\t\t\t<\/div>\n\t\t\t\t<div class=\"elementor-element elementor-element-47d04360 elementor-widget elementor-widget-image\" data-id=\"47d04360\" data-element_type=\"widget\" data-e-type=\"widget\" data-widget_type=\"image.default\">\n\t\t\t\t<div class=\"elementor-widget-container\">\n\t\t\t\t\t\t\t\t\t\t\t\t\t\t\t<img decoding=\"async\" width=\"59\" height=\"47\" src=\"https:\/\/odise.com\/wp-content\/uploads\/2020\/09\/quote.png\" class=\"attachment-large size-large wp-image-167\" alt=\"\" \/>\t\t\t\t\t\t\t\t\t\t\t\t\t\t\t<\/div>\n\t\t\t\t<\/div>\n\t\t\t\t<div class=\"elementor-element elementor-element-59f89946 elementor-widget elementor-widget-text-editor\" data-id=\"59f89946\" data-element_type=\"widget\" data-e-type=\"widget\" data-widget_type=\"text-editor.default\">\n\t\t\t\t<div class=\"elementor-widget-container\">\n\t\t\t\t\t\t\t\t\t<p>Matthieu est le fondateur et le pr\u00e9sident du cabinet Odi-s\u00e9 Avocats. Il conseille depuis plus de 25 ans des pr\u00eateurs, des loueurs d&rsquo;avions, des constructeurs et des compagnies a\u00e9riennes sur tous les aspects juridiques de l&rsquo;exploitation, de la maintenance, du financement et de la location d&rsquo;a\u00e9ronefs.\u00a0 Praticien reconnu du secteur de l&rsquo;aviation d&rsquo;affaires europ\u00e9enne, il est intervenu sur l&rsquo;achat, la vente, le financement et l&rsquo;exploitation de tous types d&rsquo;avions d&rsquo;affaires dans un tr\u00e8s grand nombre de pays \u00e0 travers le monde.<\/p><p>Par ailleurs, Matthieu a d\u00e9velopp\u00e9 une sp\u00e9cialit\u00e9 dans l&rsquo;externalisation de moyens a\u00e9riens et de services li\u00e9s \u00e0 l&rsquo;a\u00e9ronautique au sein des minist\u00e8res de l&rsquo;int\u00e9rieur et de la d\u00e9fense.\u00a0 A ce titre, il a r\u00e9dig\u00e9 le premier contrat de partenariat attribu\u00e9 par l&rsquo;Etat, pour la fourniture d&rsquo;heures de vol sans \u00e9quipage \u00e0 la base \u00e9cole de l&rsquo;aviation l\u00e9g\u00e8re de l&rsquo;arm\u00e9e de terre \u00e0 Dax.\u00a0 Il a depuis conseill\u00e9 des industriels et des pr\u00eateurs sur la plupart des PPPs li\u00e9s \u00e0 la d\u00e9fense en France.<\/p><p>Matthieu est membre du Sous-Comit\u00e9 des Affaires Juridiques et Europ\u00e9ennes de l&rsquo;Association Europ\u00e9enne de l&rsquo;Aviation d&rsquo;Affaires.<\/p><p>Matthieu de Varax est recommand\u00e9 par Chambers and Partners et Legal 500 pour le financement d&rsquo;avions en France.<\/p>\t\t\t\t\t\t\t\t<\/div>\n\t\t\t\t<\/div>\n\t\t\t\t\t<\/div>\n\t\t<\/div>\n\t\t\t\t\t<\/div>\n\t\t<\/section>\n\t\t\t\t<section class=\"elementor-section elementor-top-section elementor-element elementor-element-10c059bf elementor-section-full_width elementor-reverse-tablet elementor-reverse-mobile elementor-section-height-default elementor-section-height-default\" data-id=\"10c059bf\" data-element_type=\"section\" data-e-type=\"section\">\n\t\t\t\t\t\t<div class=\"elementor-container elementor-column-gap-no\">\n\t\t\t\t\t<div class=\"elementor-column elementor-col-50 elementor-top-column elementor-element elementor-element-1498a1b5 elementor-invisible\" data-id=\"1498a1b5\" data-element_type=\"column\" data-e-type=\"column\" data-settings=\"{&quot;animation&quot;:&quot;slideInUp&quot;,&quot;motion_fx_motion_fx_scrolling&quot;:&quot;yes&quot;,&quot;motion_fx_translateY_effect&quot;:&quot;yes&quot;,&quot;motion_fx_translateY_speed&quot;:{&quot;unit&quot;:&quot;px&quot;,&quot;size&quot;:4,&quot;sizes&quot;:[]},&quot;motion_fx_translateY_affectedRange&quot;:{&quot;unit&quot;:&quot;%&quot;,&quot;size&quot;:&quot;&quot;,&quot;sizes&quot;:{&quot;start&quot;:0,&quot;end&quot;:100}},&quot;motion_fx_devices&quot;:[&quot;desktop&quot;,&quot;tablet&quot;,&quot;mobile&quot;]}\">\n\t\t\t<div class=\"elementor-widget-wrap elementor-element-populated\">\n\t\t\t\t\t\t<div class=\"elementor-element elementor-element-05c9071 elementor-align-center elementor-icon-list--layout-traditional elementor-list-item-link-full_width elementor-widget elementor-widget-icon-list\" data-id=\"05c9071\" data-element_type=\"widget\" data-e-type=\"widget\" data-widget_type=\"icon-list.default\">\n\t\t\t\t<div class=\"elementor-widget-container\">\n\t\t\t\t\t\t\t<ul class=\"elementor-icon-list-items\">\n\t\t\t\t\t\t\t<li class=\"elementor-icon-list-item\">\n\t\t\t\t\t\t\t\t\t\t<span class=\"elementor-icon-list-text\">Associ\u00e9<\/span>\n\t\t\t\t\t\t\t\t\t<\/li>\n\t\t\t\t\t\t\t\t<li class=\"elementor-icon-list-item\">\n\t\t\t\t\t\t\t\t\t\t\t<span class=\"elementor-icon-list-icon\">\n\t\t\t\t\t\t\t<i aria-hidden=\"true\" class=\"fas fa-envelope\"><\/i>\t\t\t\t\t\t<\/span>\n\t\t\t\t\t\t\t\t\t\t<span class=\"elementor-icon-list-text\">tboone@odise.aero<\/span>\n\t\t\t\t\t\t\t\t\t<\/li>\n\t\t\t\t\t\t\t\t<li class=\"elementor-icon-list-item\">\n\t\t\t\t\t\t\t\t\t\t\t<span class=\"elementor-icon-list-icon\">\n\t\t\t\t\t\t\t<i aria-hidden=\"true\" class=\"fas fa-phone-alt\"><\/i>\t\t\t\t\t\t<\/span>\n\t\t\t\t\t\t\t\t\t\t<span class=\"elementor-icon-list-text\">+33 1 79 35 07 51<\/span>\n\t\t\t\t\t\t\t\t\t<\/li>\n\t\t\t\t\t\t<\/ul>\n\t\t\t\t\t\t<\/div>\n\t\t\t\t<\/div>\n\t\t\t\t<div class=\"elementor-element elementor-element-1e17cfa7 elementor-widget elementor-widget-image\" data-id=\"1e17cfa7\" data-element_type=\"widget\" data-e-type=\"widget\" data-widget_type=\"image.default\">\n\t\t\t\t<div class=\"elementor-widget-container\">\n\t\t\t\t\t\t\t\t\t\t\t\t\t\t\t<img decoding=\"async\" width=\"59\" height=\"47\" src=\"https:\/\/odise.com\/wp-content\/uploads\/2020\/09\/quote_b.png\" class=\"attachment-large size-large wp-image-181\" alt=\"\" \/>\t\t\t\t\t\t\t\t\t\t\t\t\t\t\t<\/div>\n\t\t\t\t<\/div>\n\t\t\t\t<div class=\"elementor-element elementor-element-4c49ffe6 elementor-widget elementor-widget-text-editor\" data-id=\"4c49ffe6\" data-element_type=\"widget\" data-e-type=\"widget\" data-widget_type=\"text-editor.default\">\n\t\t\t\t<div class=\"elementor-widget-container\">\n\t\t\t\t\t\t\t\t\t<p>Thomas est associ\u00e9 du cabinet Odi-s\u00e9 Avocats. Il a une longue exp\u00e9rience en financements structur\u00e9s, restructurations de dettes et pr\u00e9vention et traitement des difficult\u00e9s des entreprises, acquise tant dans des cabinets d\u2019avocats internationaux de premier plan qu\u2019au sein d\u2019\u00e9tablissements financiers majeurs. Cette double pratique permet \u00e0 Thomas d\u2019avoir une parfaite compr\u00e9hension des besoins et attentes des clients du cabinet dans leurs op\u00e9rations de financements transfrontaliers.<\/p><p>Thomas conseille les clients internationaux et fran\u00e7ais du cabinet sur tous les aspects juridiques relatifs \u00e0 l\u2019acquisition, l&rsquo;exploitation, la location et le financement d&rsquo;a\u00e9ronefs.<\/p><p>Ayant occup\u00e9 des postes d\u2019expert et \u00e0 responsabilit\u00e9s au sein de directions juridiques de banques de financements et d\u2019investissements et dans des cabinets d\u2019avocats, Thomas couvre le p\u00e9rim\u00e8tre complet des probl\u00e9matiques juridiques entourant les financements et la location d&rsquo; actifs, de l\u2019origination des op\u00e9rations \u00e0 leur restructuration et aux situations de d\u00e9fauts, incluant les cas de repossession et d\u2019insolvabilit\u00e9.<\/p><p>Thomas parle fran\u00e7ais et anglais et est inscrit au barreau de Paris.<\/p>\t\t\t\t\t\t\t\t<\/div>\n\t\t\t\t<\/div>\n\t\t\t\t\t<\/div>\n\t\t<\/div>\n\t\t\t\t<div class=\"elementor-column elementor-col-50 elementor-top-column elementor-element elementor-element-d6730c6\" data-id=\"d6730c6\" data-element_type=\"column\" data-e-type=\"column\" data-settings=\"{&quot;background_background&quot;:&quot;classic&quot;,&quot;animation&quot;:&quot;none&quot;,&quot;animation_delay&quot;:2100}\">\n\t\t\t<div class=\"elementor-widget-wrap elementor-element-populated\">\n\t\t\t\t\t\t<div class=\"elementor-element elementor-element-3973ae79 elementor-invisible elementor-widget elementor-widget-image\" data-id=\"3973ae79\" data-element_type=\"widget\" data-e-type=\"widget\" data-settings=\"{&quot;_animation&quot;:&quot;fadeIn&quot;}\" data-widget_type=\"image.default\">\n\t\t\t\t<div class=\"elementor-widget-container\">\n\t\t\t\t\t\t\t\t\t\t\t\t\t\t\t<img decoding=\"async\" src=\"https:\/\/odise.com\/wp-content\/uploads\/elementor\/thumbs\/IMG_0063-owm2t6n2h1df4d2yn743yubbyhf7kckfychli1i62o.jpg\" title=\"IMG_0063\" alt=\"IMG_0063\" loading=\"lazy\" \/>\t\t\t\t\t\t\t\t\t\t\t\t\t\t\t<\/div>\n\t\t\t\t<\/div>\n\t\t\t\t\t<\/div>\n\t\t<\/div>\n\t\t\t\t\t<\/div>\n\t\t<\/section>\n\t\t\t\t<\/div>\n\t\t","protected":false},"excerpt":{"rendered":"<p>Associ\u00e9 mdevarax@odise.aero +33 1 79 35 07 50 Matthieu est le fondateur et le pr\u00e9sident du cabinet Odi-s\u00e9 Avocats. Il conseille depuis plus de 25 ans des pr\u00eateurs, des loueurs d&rsquo;avions, des constructeurs et des compagnies a\u00e9riennes sur tous les aspects juridiques de l&rsquo;exploitation, de la maintenance, du financement et de la location d&rsquo;a\u00e9ronefs.\u00a0 Praticien [&hellip;]<\/p>\n","protected":false},"author":3,"featured_media":0,"parent":0,"menu_order":0,"comment_status":"closed","ping_status":"closed","template":"elementor_header_footer","meta":{"footnotes":""},"class_list":["post-483","page","type-page","status-publish","hentry"],"_links":{"self":[{"href":"http:\/\/odise.com\/en\/wp-json\/wp\/v2\/pages\/483","targetHints":{"allow":["GET"]}}],"collection":[{"href":"http:\/\/odise.com\/en\/wp-json\/wp\/v2\/pages"}],"about":[{"href":"http:\/\/odise.com\/en\/wp-json\/wp\/v2\/types\/page"}],"author":[{"embeddable":true,"href":"http:\/\/odise.com\/en\/wp-json\/wp\/v2\/users\/3"}],"replies":[{"embeddable":true,"href":"http:\/\/odise.com\/en\/wp-json\/wp\/v2\/comments?post=483"}],"version-history":[{"count":35,"href":"http:\/\/odise.com\/en\/wp-json\/wp\/v2\/pages\/483\/revisions"}],"predecessor-version":[{"id":978,"href":"http:\/\/odise.com\/en\/wp-json\/wp\/v2\/pages\/483\/revisions\/978"}],"wp:attachment":[{"href":"http:\/\/odise.com\/en\/wp-json\/wp\/v2\/media?parent=483"}],"curies":[{"name":"wp","href":"https:\/\/api.w.org\/{rel}","templated":true}]}}