{"id":520,"date":"2020-10-02T16:53:43","date_gmt":"2020-10-02T14:53:43","guid":{"rendered":"https:\/\/odise.com\/?page_id=520"},"modified":"2020-10-08T13:07:53","modified_gmt":"2020-10-08T11:07:53","slug":"mentions-legales","status":"publish","type":"page","link":"http:\/\/odise.com\/en\/mentions-legales\/","title":{"rendered":"MENTIONS L\u00c9GALES"},"content":{"rendered":"<div data-elementor-type=\"wp-page\" data-elementor-id=\"520\" class=\"elementor elementor-520\" data-elementor-post-type=\"page\">\n\t\t\t\t\t\t<section class=\"elementor-section elementor-top-section elementor-element elementor-element-148b6dbe elementor-section-full_width elementor-section-height-min-height elementor-section-items-bottom elementor-section-height-default\" data-id=\"148b6dbe\" data-element_type=\"section\" data-e-type=\"section\" data-settings=\"{&quot;background_background&quot;:&quot;classic&quot;}\">\n\t\t\t\t\t\t\t<div class=\"elementor-background-overlay\"><\/div>\n\t\t\t\t\t\t\t<div class=\"elementor-container elementor-column-gap-no\">\n\t\t\t\t\t<div class=\"elementor-column elementor-col-100 elementor-top-column elementor-element elementor-element-7d8ab7f6\" data-id=\"7d8ab7f6\" data-element_type=\"column\" data-e-type=\"column\">\n\t\t\t<div class=\"elementor-widget-wrap elementor-element-populated\">\n\t\t\t\t\t\t<section class=\"elementor-section elementor-inner-section elementor-element elementor-element-3bd0c4be elementor-section-full_width elementor-section-height-default elementor-section-height-default\" data-id=\"3bd0c4be\" data-element_type=\"section\" data-e-type=\"section\">\n\t\t\t\t\t\t<div class=\"elementor-container elementor-column-gap-no\">\n\t\t\t\t\t<div class=\"elementor-column elementor-col-50 elementor-inner-column elementor-element elementor-element-9cea84d\" data-id=\"9cea84d\" data-element_type=\"column\" data-e-type=\"column\">\n\t\t\t<div class=\"elementor-widget-wrap elementor-element-populated\">\n\t\t\t\t\t\t<div class=\"elementor-element elementor-element-4e755935 elementor-widget elementor-widget-spacer\" data-id=\"4e755935\" data-element_type=\"widget\" data-e-type=\"widget\" data-widget_type=\"spacer.default\">\n\t\t\t\t<div class=\"elementor-widget-container\">\n\t\t\t\t\t\t\t<div class=\"elementor-spacer\">\n\t\t\t<div class=\"elementor-spacer-inner\"><\/div>\n\t\t<\/div>\n\t\t\t\t\t\t<\/div>\n\t\t\t\t<\/div>\n\t\t\t\t\t<\/div>\n\t\t<\/div>\n\t\t\t\t<div class=\"elementor-column elementor-col-50 elementor-inner-column elementor-element elementor-element-6e467499\" data-id=\"6e467499\" data-element_type=\"column\" data-e-type=\"column\">\n\t\t\t<div class=\"elementor-widget-wrap\">\n\t\t\t\t\t\t\t<\/div>\n\t\t<\/div>\n\t\t\t\t\t<\/div>\n\t\t<\/section>\n\t\t\t\t\t<\/div>\n\t\t<\/div>\n\t\t\t\t\t<\/div>\n\t\t<\/section>\n\t\t\t\t<section class=\"elementor-section elementor-top-section elementor-element elementor-element-cf4d5ef elementor-section-full_width elementor-section-height-default elementor-section-height-default\" data-id=\"cf4d5ef\" data-element_type=\"section\" data-e-type=\"section\">\n\t\t\t\t\t\t<div class=\"elementor-container elementor-column-gap-no\">\n\t\t\t\t\t<div class=\"elementor-column elementor-col-33 elementor-top-column elementor-element elementor-element-8722f7f\" data-id=\"8722f7f\" data-element_type=\"column\" data-e-type=\"column\">\n\t\t\t<div class=\"elementor-widget-wrap\">\n\t\t\t\t\t\t\t<\/div>\n\t\t<\/div>\n\t\t\t\t<div class=\"elementor-column elementor-col-33 elementor-top-column elementor-element elementor-element-2d62c8c\" data-id=\"2d62c8c\" data-element_type=\"column\" data-e-type=\"column\">\n\t\t\t<div class=\"elementor-widget-wrap elementor-element-populated\">\n\t\t\t\t\t\t<div class=\"elementor-element elementor-element-7e2638d elementor-widget elementor-widget-text-editor\" data-id=\"7e2638d\" data-element_type=\"widget\" data-e-type=\"widget\" data-widget_type=\"text-editor.default\">\n\t\t\t\t<div class=\"elementor-widget-container\">\n\t\t\t\t\t\t\t\t\t<p>The editor of this website, which can be accessed at www.odise.com is :<\/p><p>Odi-s\u00e9 Avocats SELAS, soci\u00e9t\u00e9 d\u2019exercice lib\u00e9ral par actions simplifi\u00e9e \u00e0 associ\u00e9 unique with a share capital of \u20ac 50,000<\/p><p>Registered under number RCS Paris 832 190 359 \u2013 SIRET 832 190 359 00014<\/p><p><strong>Registered seat<\/strong> : 43, rue de Courcelles, 75008 Paris, France<br \/><strong>T\u00e9l\u00e9phone<\/strong> : +33 1 79 35 07 50<br \/><strong>E-mail<\/strong> : contact@odise.com<\/p><p>The editor is represented by Matthieu de Varax, president.<\/p><p>This website has been created by <a href=\"https:\/\/www.somni.paris\" target=\"_blank\" rel=\"noopener\">SOMNI<\/a>.<\/p><p>It is hosted by OVH, 2 rue Kellermann \u2013 59100 Roubaix \u2013 France.<\/p><p>This website, its design and its contents constitute intellectual property protected by regulation governing intellectual property rights and data protection.<\/p><p>The copy or presentation, whether partially or in whole, of any page, data or any other information provided in this website is prohibited.<\/p>\t\t\t\t\t\t\t\t<\/div>\n\t\t\t\t<\/div>\n\t\t\t\t\t<\/div>\n\t\t<\/div>\n\t\t\t\t<div class=\"elementor-column elementor-col-33 elementor-top-column elementor-element elementor-element-b4508a3\" data-id=\"b4508a3\" data-element_type=\"column\" data-e-type=\"column\">\n\t\t\t<div class=\"elementor-widget-wrap\">\n\t\t\t\t\t\t\t<\/div>\n\t\t<\/div>\n\t\t\t\t\t<\/div>\n\t\t<\/section>\n\t\t\t\t<\/div>","protected":false},"excerpt":{"rendered":"<p>Mentions l\u00e9gales L&rsquo;\u00e9diteur de ce site, qui peut \u00eatre atteint \u00e0 l&rsquo;adresse URL www.odise.com, est\u00a0: Odi-s\u00e9 Avocats SELAS, soci\u00e9t\u00e9 d&rsquo;exercice lib\u00e9ral par actions simplifi\u00e9e \u00e0 associ\u00e9 unique au capital de \u20ac 50,000 RCS Paris 832 190 359 \u2013 SIRET 832 190 359 00014 Si\u00e8ge social : 43, rue de Courcelles, 75008 Paris, FranceT\u00e9l\u00e9phone : +33 [&hellip;]<\/p>\n","protected":false},"author":3,"featured_media":0,"parent":0,"menu_order":0,"comment_status":"closed","ping_status":"closed","template":"elementor_header_footer","meta":{"footnotes":""},"class_list":["post-520","page","type-page","status-publish","hentry"],"_links":{"self":[{"href":"http:\/\/odise.com\/en\/wp-json\/wp\/v2\/pages\/520","targetHints":{"allow":["GET"]}}],"collection":[{"href":"http:\/\/odise.com\/en\/wp-json\/wp\/v2\/pages"}],"about":[{"href":"http:\/\/odise.com\/en\/wp-json\/wp\/v2\/types\/page"}],"author":[{"embeddable":true,"href":"http:\/\/odise.com\/en\/wp-json\/wp\/v2\/users\/3"}],"replies":[{"embeddable":true,"href":"http:\/\/odise.com\/en\/wp-json\/wp\/v2\/comments?post=520"}],"version-history":[{"count":5,"href":"http:\/\/odise.com\/en\/wp-json\/wp\/v2\/pages\/520\/revisions"}],"predecessor-version":[{"id":556,"href":"http:\/\/odise.com\/en\/wp-json\/wp\/v2\/pages\/520\/revisions\/556"}],"wp:attachment":[{"href":"http:\/\/odise.com\/en\/wp-json\/wp\/v2\/media?parent=520"}],"curies":[{"name":"wp","href":"https:\/\/api.w.org\/{rel}","templated":true}]}}